{"id":444,"date":"2022-12-05T20:37:19","date_gmt":"2022-12-05T20:37:19","guid":{"rendered":"https:\/\/dev.scxploration.com\/?page_id=444"},"modified":"2025-10-31T18:24:20","modified_gmt":"2025-10-31T18:24:20","slug":"multipurpose-drill-rigs","status":"publish","type":"page","link":"https:\/\/scxploration.com\/es\/exploration-drill-rigs\/multipurpose-drill-rigs\/","title":{"rendered":"Equipos de Perforaci\u00f3n multiprop\u00f3sito"},"content":{"rendered":"<p><div class=\"fusion-fullwidth fullwidth-box fusion-builder-row-1 fusion-flex-container has-pattern-background has-mask-background fusion-parallax-none nonhundred-percent-fullwidth non-hundred-percent-height-scrolling\" style=\"--awb-border-sizes-bottom:10px;--awb-border-color:#c87c29;--awb-border-radius-top-left:0px;--awb-border-radius-top-right:0px;--awb-border-radius-bottom-right:0px;--awb-border-radius-bottom-left:0px;--awb-padding-top:15%;--awb-padding-bottom:10%;--awb-padding-top-small:120px;--awb-padding-bottom-small:75px;--awb-background-image:url(&quot;https:\/\/scxploration.com\/wp-content\/uploads\/2023\/11\/Drill-Rigs-Banner.jpg&quot;);--awb-background-size:cover;--awb-flex-wrap:wrap;\" ><div class=\"fusion-builder-row fusion-row fusion-flex-align-items-flex-start fusion-flex-content-wrap\" style=\"max-width:1456px;margin-left: calc(-4% \/ 2 );margin-right: calc(-4% \/ 2 );\"><div class=\"fusion-layout-column fusion_builder_column fusion-builder-column-0 fusion_builder_column_1_1 1_1 fusion-flex-column\" style=\"--awb-bg-size:cover;--awb-width-large:100%;--awb-margin-top-large:0px;--awb-spacing-right-large:1.92%;--awb-margin-bottom-large:0px;--awb-spacing-left-large:1.92%;--awb-width-medium:100%;--awb-order-medium:0;--awb-spacing-right-medium:1.92%;--awb-spacing-left-medium:1.92%;--awb-width-small:100%;--awb-order-small:0;--awb-spacing-right-small:1.92%;--awb-spacing-left-small:1.92%;\"><div class=\"fusion-column-wrapper fusion-column-has-shadow fusion-flex-justify-content-flex-start fusion-content-layout-column\"><div class=\"fusion-title title fusion-title-1 fusion-sep-none fusion-title-center fusion-title-text fusion-title-size-one\" style=\"--awb-text-color:#ffffff;--awb-margin-top:0px;--awb-margin-bottom:0px;--awb-margin-top-small:0px;--awb-margin-bottom-small:0px;\"><h1 class=\"fusion-title-heading title-heading-center fusion-responsive-typography-calculated\" style=\"margin:0;text-transform:uppercase;--fontSize:70;line-height:1;text-shadow:1px 1px 4px rgba(0,0,0,0.75);\"><\/h1><\/div><div class=\"fusion-title title fusion-title-2 fusion-sep-none fusion-title-center fusion-title-text fusion-title-size-one\" style=\"--awb-text-color:#ffffff;--awb-margin-top:0px;--awb-margin-bottom:0px;--awb-margin-top-small:0px;--awb-margin-bottom-small:0px;\"><h1 class=\"fusion-title-heading title-heading-center fusion-responsive-typography-calculated\" style=\"margin:0;text-transform:uppercase;--fontSize:70;line-height:1;text-shadow:1px 1px 4px rgba(0,0,0,0.75);\">Equipos de Perforaci\u00f3n multiprop\u00f3sito<\/h1><\/div><\/div><\/div><\/div><\/div><div class=\"fusion-fullwidth fullwidth-box fusion-builder-row-2 fusion-flex-container has-pattern-background has-mask-background fusion-parallax-none nonhundred-percent-fullwidth non-hundred-percent-height-scrolling\" style=\"--link_hover_color: #e0e0e0;--link_color: #ffffff;--awb-background-position:center bottom;--awb-border-radius-top-left:0px;--awb-border-radius-top-right:0px;--awb-border-radius-bottom-right:0px;--awb-border-radius-bottom-left:0px;--awb-padding-top:50px;--awb-padding-right:25px;--awb-padding-bottom:75px;--awb-padding-left:25px;--awb-background-image:url(&quot;https:\/\/scxploration.com\/wp-content\/uploads\/2022\/12\/BottomTextureBack.jpg&quot;);--awb-background-size:cover;--awb-flex-wrap:wrap;\" ><div class=\"fusion-builder-row fusion-row fusion-flex-align-items-flex-start fusion-flex-justify-content-center fusion-flex-content-wrap\" style=\"max-width:1456px;margin-left: calc(-4% \/ 2 );margin-right: calc(-4% \/ 2 );\"><div class=\"fusion-layout-column fusion_builder_column fusion-builder-column-1 fusion_builder_column_1_1 1_1 fusion-flex-column\" style=\"--awb-padding-top:35px;--awb-padding-bottom:45px;--awb-bg-size:cover;--awb-width-large:100%;--awb-margin-top-large:0px;--awb-spacing-right-large:1.92%;--awb-margin-bottom-large:0px;--awb-spacing-left-large:1.92%;--awb-width-medium:100%;--awb-order-medium:0;--awb-spacing-right-medium:1.92%;--awb-spacing-left-medium:1.92%;--awb-width-small:100%;--awb-order-small:0;--awb-spacing-right-small:1.92%;--awb-spacing-left-small:1.92%;\"><div class=\"fusion-column-wrapper fusion-column-has-shadow fusion-flex-justify-content-flex-start fusion-content-layout-column\"><div class=\"fusion-text fusion-text-1\"><p style=\"text-align: center;\">Nuestras plataformas de perforacion multiprop\u00f3sito est\u00e1n disponibles en configuraci\u00f3n montada sobre cami\u00f3n y cuentan con un dise\u00f1o innovador que permite realizar perforaci\u00f3n con n\u00facleo diamantado, circulaci\u00f3n inversa, rotatoria con aire o perforaci\u00f3n con lodo. Esta unidad permite cambiar el m\u00e9todo de perforaci\u00f3n sin necesidad de retirar la broca.<\/p>\n<p style=\"text-align: center;\">Estas potentes y vers\u00e1tiles plataformas de perforacion cuentan con una amplia gama de caracter\u00edsticas y opciones est\u00e1ndar, respaldadas por un historial global de cinco estrellas en exploraci\u00f3n minera, perforaci\u00f3n direccional y geot\u00e9cnica.<\/p>\n<\/div><\/div><\/div><div class=\"fusion-layout-column fusion_builder_column fusion-builder-column-2 fusion_builder_column_1_3 1_3 fusion-flex-column\" style=\"--awb-padding-top:20px;--awb-bg-size:cover;--awb-width-large:33.333333333333%;--awb-margin-top-large:0px;--awb-spacing-right-large:5.76%;--awb-margin-bottom-large:0px;--awb-spacing-left-large:5.76%;--awb-width-medium:33.333333333333%;--awb-order-medium:0;--awb-spacing-right-medium:5.76%;--awb-spacing-left-medium:5.76%;--awb-width-small:100%;--awb-order-small:0;--awb-spacing-right-small:1.92%;--awb-spacing-left-small:1.92%;\"><div class=\"fusion-column-wrapper fusion-column-has-shadow fusion-flex-justify-content-flex-start fusion-content-layout-column\"><div class=\"fusion-blog-shortcode fusion-blog-shortcode-1 fusion-blog-archive fusion-blog-layout-grid-wrapper fusion-blog-no fusion-blog-layout-center\"><style type=\"text\/css\">.fusion-blog-shortcode-1 .fusion-blog-layout-grid .fusion-post-grid{padding:17.5px;}.fusion-blog-shortcode-1 .fusion-posts-container{margin-left: -17.5px !important; margin-right:-17.5px !important;}<\/style><div class=\"fusion-posts-container fusion-posts-container-no fusion-blog-layout-grid fusion-blog-layout-grid-1 isotope fusion-blog-equal-heights\" data-pages=\"1\" data-grid-col-space=\"35\" style=\"margin: -17.5px -17.5px 0;min-height:500px;\"><article id=\"blog-1-post-471\" class=\"fusion-post-grid post-471 post type-post status-publish format-standard has-post-thumbnail hentry category-multipurpose-drill-rigs\">\n<div class=\"fusion-post-wrapper\" style=\"background-color:rgba(15,16,16,1);border:none;\">\n\n\t\t\t<div class=\"fusion-flexslider flexslider fusion-flexslider-loading fusion-post-slideshow\" style=\"border-color:rgba(249,249,251,0);\">\n\t\t<ul class=\"slides\">\n\t\t\t\n\t\t\t\t\t\t\t\t\t\t\t\t\t\t<li><div  class=\"fusion-image-wrapper\" aria-haspopup=\"true\">\n\t\t\t\t\t\t\t<a href=\"https:\/\/scxploration.com\/es\/scx-de881\/\" aria-label=\"SCX DE881 (UDR1200)\">\n\t\t\t\t\t\t\t<img decoding=\"async\" width=\"1076\" height=\"935\" src=\"https:\/\/scxploration.com\/wp-content\/uploads\/2022\/12\/WhiteDrillRig-DE881-Shadow.png\" class=\"attachment-full size-full wp-post-image\" alt=\"\" srcset=\"https:\/\/scxploration.com\/wp-content\/uploads\/2022\/12\/WhiteDrillRig-DE881-Shadow-200x174.png 200w, https:\/\/scxploration.com\/wp-content\/uploads\/2022\/12\/WhiteDrillRig-DE881-Shadow-400x348.png 400w, https:\/\/scxploration.com\/wp-content\/uploads\/2022\/12\/WhiteDrillRig-DE881-Shadow-600x521.png 600w, https:\/\/scxploration.com\/wp-content\/uploads\/2022\/12\/WhiteDrillRig-DE881-Shadow-800x695.png 800w, https:\/\/scxploration.com\/wp-content\/uploads\/2022\/12\/WhiteDrillRig-DE881-Shadow.png 1076w\" sizes=\"(min-width: 2200px) 100vw, (min-width: 640px) 1400px, \" \/>\t\t\t<\/a>\n\t\t\t\t\t\t\t<\/div>\n<\/li>\n\t\t\t\n\t\t\t\n\t\t\t\t\t\t\t\t\t\t\t\t\t\t\t\t\t\t\t\t\t\t\t\t\t\t\t\t\t\t\t\t\t\t\t\t\t\t\t\t\t\t\t\t\t\t\t\t\t\t\t\t\t\t\t\t\t\t\t\t\t\t\t\t\t\t\t\t<\/ul>\n\t<\/div>\n\t<div class=\"fusion-post-content-wrapper\" style=\"padding:10px 10px 10px 10px;\"><div class=\"fusion-post-content post-content\"><h2 class=\"blog-shortcode-post-title entry-title\"><a href=\"https:\/\/scxploration.com\/es\/scx-de881\/\">SCX DE881 (UDR1200)<\/a><\/h2><div class=\"fusion-content-sep sep-none\"><\/div><\/div><div class=\"fusion-meta-info\"><div class=\"fusion-aligncenter\"><a class=\"fusion-read-more\" href=\"https:\/\/scxploration.com\/es\/scx-de881\/\" aria-label=\"More on SCX DE881 (UDR1200)\">Read More<\/a><\/div><\/div><\/div><div class=\"fusion-clearfix\"><\/div><\/div>\n<\/article>\n<div class=\"fusion-clearfix\"><\/div><\/div><\/div><\/div><\/div><\/div><\/div><\/p>","protected":false},"excerpt":{"rendered":"","protected":false},"author":1,"featured_media":5575,"parent":357,"menu_order":0,"comment_status":"closed","ping_status":"closed","template":"100-width.php","meta":{"_acf_changed":false,"inline_featured_image":false,"footnotes":""},"class_list":["post-444","page","type-page","status-publish","has-post-thumbnail","hentry"],"acf":[],"yoast_head":"<!-- This site is optimized with the Yoast SEO plugin v26.9 - https:\/\/yoast.com\/product\/yoast-seo-wordpress\/ -->\n<title>Multipurpose Core Drill Rigs - Sunny Corner Exploration<\/title>\n<meta name=\"description\" content=\"Truck-mounted and built smart, it delivers both reverse circulation and coring capabilities \u2013 that\u2019s efficiency that saves hours, not minutes.\" \/>\n<meta name=\"robots\" content=\"index, follow, max-snippet:-1, max-image-preview:large, max-video-preview:-1\" \/>\n<link rel=\"canonical\" href=\"https:\/\/scxploration.com\/es\/exploration-drill-rigs\/multipurpose-drill-rigs\/\" \/>\n<meta property=\"og:locale\" content=\"es_ES\" \/>\n<meta property=\"og:type\" content=\"article\" \/>\n<meta property=\"og:title\" content=\"Multipurpose Core Drill Rigs\" \/>\n<meta property=\"og:description\" content=\"Truck-mounted and built smart, it delivers both reverse circulation and coring capabilities \u2013 that\u2019s efficiency that saves hours, not minutes.\" \/>\n<meta property=\"og:url\" content=\"https:\/\/scxploration.com\/es\/exploration-drill-rigs\/multipurpose-drill-rigs\/\" \/>\n<meta property=\"og:site_name\" content=\"Sunny Corner Exploration\" \/>\n<meta property=\"article:modified_time\" content=\"2025-10-31T18:24:20+00:00\" \/>\n<meta property=\"og:image\" content=\"https:\/\/scxploration.com\/wp-content\/uploads\/2025\/10\/ShareImage-MultipurposeDillRigs.jpg\" \/>\n\t<meta property=\"og:image:width\" content=\"1200\" \/>\n\t<meta property=\"og:image:height\" content=\"630\" \/>\n\t<meta property=\"og:image:type\" content=\"image\/jpeg\" \/>\n<meta name=\"twitter:card\" content=\"summary_large_image\" \/>\n<meta name=\"twitter:label1\" content=\"Tiempo de lectura\" \/>\n\t<meta name=\"twitter:data1\" content=\"1 minuto\" \/>\n<script type=\"application\/ld+json\" class=\"yoast-schema-graph\">{\"@context\":\"https:\/\/schema.org\",\"@graph\":[{\"@type\":\"WebPage\",\"@id\":\"https:\/\/scxploration.com\/exploration-drill-rigs\/multipurpose-drill-rigs\/\",\"url\":\"https:\/\/scxploration.com\/exploration-drill-rigs\/multipurpose-drill-rigs\/\",\"name\":\"Multipurpose Core Drill Rigs - Sunny Corner Exploration\",\"isPartOf\":{\"@id\":\"https:\/\/scxploration.com\/#website\"},\"primaryImageOfPage\":{\"@id\":\"https:\/\/scxploration.com\/exploration-drill-rigs\/multipurpose-drill-rigs\/#primaryimage\"},\"image\":{\"@id\":\"https:\/\/scxploration.com\/exploration-drill-rigs\/multipurpose-drill-rigs\/#primaryimage\"},\"thumbnailUrl\":\"https:\/\/scxploration.com\/wp-content\/uploads\/2025\/10\/ShareImage-MultipurposeDillRigs.jpg\",\"datePublished\":\"2022-12-05T20:37:19+00:00\",\"dateModified\":\"2025-10-31T18:24:20+00:00\",\"description\":\"Truck-mounted and built smart, it delivers both reverse circulation and coring capabilities \u2013 that\u2019s efficiency that saves hours, not minutes.\",\"breadcrumb\":{\"@id\":\"https:\/\/scxploration.com\/exploration-drill-rigs\/multipurpose-drill-rigs\/#breadcrumb\"},\"inLanguage\":\"es\",\"potentialAction\":[{\"@type\":\"ReadAction\",\"target\":[\"https:\/\/scxploration.com\/exploration-drill-rigs\/multipurpose-drill-rigs\/\"]}]},{\"@type\":\"ImageObject\",\"inLanguage\":\"es\",\"@id\":\"https:\/\/scxploration.com\/exploration-drill-rigs\/multipurpose-drill-rigs\/#primaryimage\",\"url\":\"https:\/\/scxploration.com\/wp-content\/uploads\/2025\/10\/ShareImage-MultipurposeDillRigs.jpg\",\"contentUrl\":\"https:\/\/scxploration.com\/wp-content\/uploads\/2025\/10\/ShareImage-MultipurposeDillRigs.jpg\",\"width\":1200,\"height\":630},{\"@type\":\"BreadcrumbList\",\"@id\":\"https:\/\/scxploration.com\/exploration-drill-rigs\/multipurpose-drill-rigs\/#breadcrumb\",\"itemListElement\":[{\"@type\":\"ListItem\",\"position\":1,\"name\":\"Home\",\"item\":\"https:\/\/scxploration.com\/\"},{\"@type\":\"ListItem\",\"position\":2,\"name\":\"Exploration Drill Rigs\",\"item\":\"https:\/\/scxploration.com\/exploration-drill-rigs\/\"},{\"@type\":\"ListItem\",\"position\":3,\"name\":\"Multipurpose Drill Rigs\"}]},{\"@type\":\"WebSite\",\"@id\":\"https:\/\/scxploration.com\/#website\",\"url\":\"https:\/\/scxploration.com\/\",\"name\":\"Sunny Corner Exploration\",\"description\":\"-\",\"publisher\":{\"@id\":\"https:\/\/scxploration.com\/#organization\"},\"potentialAction\":[{\"@type\":\"SearchAction\",\"target\":{\"@type\":\"EntryPoint\",\"urlTemplate\":\"https:\/\/scxploration.com\/?s={search_term_string}\"},\"query-input\":{\"@type\":\"PropertyValueSpecification\",\"valueRequired\":true,\"valueName\":\"search_term_string\"}}],\"inLanguage\":\"es\"},{\"@type\":\"Organization\",\"@id\":\"https:\/\/scxploration.com\/#organization\",\"name\":\"Sunny Corner Enterprises\",\"url\":\"https:\/\/scxploration.com\/\",\"logo\":{\"@type\":\"ImageObject\",\"inLanguage\":\"es\",\"@id\":\"https:\/\/scxploration.com\/#\/schema\/logo\/image\/\",\"url\":\"https:\/\/scxploration.com\/wp-content\/uploads\/2022\/06\/SCXFooterLogo.png\",\"contentUrl\":\"https:\/\/scxploration.com\/wp-content\/uploads\/2022\/06\/SCXFooterLogo.png\",\"width\":353,\"height\":185,\"caption\":\"Sunny Corner Enterprises\"},\"image\":{\"@id\":\"https:\/\/scxploration.com\/#\/schema\/logo\/image\/\"}}]}<\/script>\n<!-- \/ Yoast SEO plugin. -->","yoast_head_json":{"title":"Multipurpose Core Drill Rigs - Sunny Corner Exploration","description":"Truck-mounted and built smart, it delivers both reverse circulation and coring capabilities \u2013 that\u2019s efficiency that saves hours, not minutes.","robots":{"index":"index","follow":"follow","max-snippet":"max-snippet:-1","max-image-preview":"max-image-preview:large","max-video-preview":"max-video-preview:-1"},"canonical":"https:\/\/scxploration.com\/es\/exploration-drill-rigs\/multipurpose-drill-rigs\/","og_locale":"es_ES","og_type":"article","og_title":"Multipurpose Core Drill Rigs","og_description":"Truck-mounted and built smart, it delivers both reverse circulation and coring capabilities \u2013 that\u2019s efficiency that saves hours, not minutes.","og_url":"https:\/\/scxploration.com\/es\/exploration-drill-rigs\/multipurpose-drill-rigs\/","og_site_name":"Sunny Corner Exploration","article_modified_time":"2025-10-31T18:24:20+00:00","og_image":[{"width":1200,"height":630,"url":"https:\/\/scxploration.com\/wp-content\/uploads\/2025\/10\/ShareImage-MultipurposeDillRigs.jpg","type":"image\/jpeg"}],"twitter_card":"summary_large_image","twitter_misc":{"Tiempo de lectura":"1 minuto"},"schema":{"@context":"https:\/\/schema.org","@graph":[{"@type":"WebPage","@id":"https:\/\/scxploration.com\/exploration-drill-rigs\/multipurpose-drill-rigs\/","url":"https:\/\/scxploration.com\/exploration-drill-rigs\/multipurpose-drill-rigs\/","name":"Multipurpose Core Drill Rigs - Sunny Corner Exploration","isPartOf":{"@id":"https:\/\/scxploration.com\/#website"},"primaryImageOfPage":{"@id":"https:\/\/scxploration.com\/exploration-drill-rigs\/multipurpose-drill-rigs\/#primaryimage"},"image":{"@id":"https:\/\/scxploration.com\/exploration-drill-rigs\/multipurpose-drill-rigs\/#primaryimage"},"thumbnailUrl":"https:\/\/scxploration.com\/wp-content\/uploads\/2025\/10\/ShareImage-MultipurposeDillRigs.jpg","datePublished":"2022-12-05T20:37:19+00:00","dateModified":"2025-10-31T18:24:20+00:00","description":"Truck-mounted and built smart, it delivers both reverse circulation and coring capabilities \u2013 that\u2019s efficiency that saves hours, not minutes.","breadcrumb":{"@id":"https:\/\/scxploration.com\/exploration-drill-rigs\/multipurpose-drill-rigs\/#breadcrumb"},"inLanguage":"es","potentialAction":[{"@type":"ReadAction","target":["https:\/\/scxploration.com\/exploration-drill-rigs\/multipurpose-drill-rigs\/"]}]},{"@type":"ImageObject","inLanguage":"es","@id":"https:\/\/scxploration.com\/exploration-drill-rigs\/multipurpose-drill-rigs\/#primaryimage","url":"https:\/\/scxploration.com\/wp-content\/uploads\/2025\/10\/ShareImage-MultipurposeDillRigs.jpg","contentUrl":"https:\/\/scxploration.com\/wp-content\/uploads\/2025\/10\/ShareImage-MultipurposeDillRigs.jpg","width":1200,"height":630},{"@type":"BreadcrumbList","@id":"https:\/\/scxploration.com\/exploration-drill-rigs\/multipurpose-drill-rigs\/#breadcrumb","itemListElement":[{"@type":"ListItem","position":1,"name":"Home","item":"https:\/\/scxploration.com\/"},{"@type":"ListItem","position":2,"name":"Exploration Drill Rigs","item":"https:\/\/scxploration.com\/exploration-drill-rigs\/"},{"@type":"ListItem","position":3,"name":"Multipurpose Drill Rigs"}]},{"@type":"WebSite","@id":"https:\/\/scxploration.com\/#website","url":"https:\/\/scxploration.com\/","name":"Sunny Corner Exploration","description":"-","publisher":{"@id":"https:\/\/scxploration.com\/#organization"},"potentialAction":[{"@type":"SearchAction","target":{"@type":"EntryPoint","urlTemplate":"https:\/\/scxploration.com\/?s={search_term_string}"},"query-input":{"@type":"PropertyValueSpecification","valueRequired":true,"valueName":"search_term_string"}}],"inLanguage":"es"},{"@type":"Organization","@id":"https:\/\/scxploration.com\/#organization","name":"Sunny Corner Enterprises","url":"https:\/\/scxploration.com\/","logo":{"@type":"ImageObject","inLanguage":"es","@id":"https:\/\/scxploration.com\/#\/schema\/logo\/image\/","url":"https:\/\/scxploration.com\/wp-content\/uploads\/2022\/06\/SCXFooterLogo.png","contentUrl":"https:\/\/scxploration.com\/wp-content\/uploads\/2022\/06\/SCXFooterLogo.png","width":353,"height":185,"caption":"Sunny Corner Enterprises"},"image":{"@id":"https:\/\/scxploration.com\/#\/schema\/logo\/image\/"}}]}},"_links":{"self":[{"href":"https:\/\/scxploration.com\/es\/wp-json\/wp\/v2\/pages\/444","targetHints":{"allow":["GET"]}}],"collection":[{"href":"https:\/\/scxploration.com\/es\/wp-json\/wp\/v2\/pages"}],"about":[{"href":"https:\/\/scxploration.com\/es\/wp-json\/wp\/v2\/types\/page"}],"author":[{"embeddable":true,"href":"https:\/\/scxploration.com\/es\/wp-json\/wp\/v2\/users\/1"}],"replies":[{"embeddable":true,"href":"https:\/\/scxploration.com\/es\/wp-json\/wp\/v2\/comments?post=444"}],"version-history":[{"count":6,"href":"https:\/\/scxploration.com\/es\/wp-json\/wp\/v2\/pages\/444\/revisions"}],"predecessor-version":[{"id":5584,"href":"https:\/\/scxploration.com\/es\/wp-json\/wp\/v2\/pages\/444\/revisions\/5584"}],"up":[{"embeddable":true,"href":"https:\/\/scxploration.com\/es\/wp-json\/wp\/v2\/pages\/357"}],"wp:featuredmedia":[{"embeddable":true,"href":"https:\/\/scxploration.com\/es\/wp-json\/wp\/v2\/media\/5575"}],"wp:attachment":[{"href":"https:\/\/scxploration.com\/es\/wp-json\/wp\/v2\/media?parent=444"}],"curies":[{"name":"wp","href":"https:\/\/api.w.org\/{rel}","templated":true}]}}