{"id":478,"date":"2022-12-08T21:24:29","date_gmt":"2022-12-08T21:24:29","guid":{"rendered":"https:\/\/dev.scxploration.com\/?page_id=478"},"modified":"2023-08-09T17:43:48","modified_gmt":"2023-08-09T17:43:48","slug":"drilling-equipment-services","status":"publish","type":"page","link":"https:\/\/scxploration.com\/es\/drilling-equipment-services\/","title":{"rendered":"Equipos de Perforaci\u00f3n"},"content":{"rendered":"<p><div class=\"fusion-fullwidth fullwidth-box fusion-builder-row-1 fusion-flex-container has-pattern-background has-mask-background fusion-parallax-none nonhundred-percent-fullwidth non-hundred-percent-height-scrolling\" style=\"--awb-border-sizes-bottom:10px;--awb-border-color:#c87c29;--awb-border-radius-top-left:0px;--awb-border-radius-top-right:0px;--awb-border-radius-bottom-right:0px;--awb-border-radius-bottom-left:0px;--awb-padding-top:14%;--awb-padding-bottom:9%;--awb-padding-top-small:120px;--awb-padding-bottom-small:75px;--awb-background-image:url(&quot;https:\/\/scxploration.com\/wp-content\/uploads\/2022\/12\/DrillingEquipmentBannerBackground.jpg&quot;);--awb-background-size:cover;--awb-flex-wrap:wrap;\" ><div class=\"fusion-builder-row fusion-row fusion-flex-align-items-flex-start fusion-flex-content-wrap\" style=\"max-width:1456px;margin-left: calc(-4% \/ 2 );margin-right: calc(-4% \/ 2 );\"><div class=\"fusion-layout-column fusion_builder_column fusion-builder-column-0 fusion_builder_column_1_1 1_1 fusion-flex-column\" style=\"--awb-bg-size:cover;--awb-width-large:100%;--awb-margin-top-large:0px;--awb-spacing-right-large:1.92%;--awb-margin-bottom-large:0px;--awb-spacing-left-large:1.92%;--awb-width-medium:100%;--awb-order-medium:0;--awb-spacing-right-medium:1.92%;--awb-spacing-left-medium:1.92%;--awb-width-small:100%;--awb-order-small:0;--awb-spacing-right-small:1.92%;--awb-spacing-left-small:1.92%;\"><div class=\"fusion-column-wrapper fusion-column-has-shadow fusion-flex-justify-content-flex-start fusion-content-layout-column\"><div class=\"fusion-title title fusion-title-1 fusion-sep-none fusion-title-center fusion-title-text fusion-title-size-one\" style=\"--awb-text-color:#ffffff;--awb-margin-top:0px;--awb-margin-bottom:0px;--awb-margin-top-small:0px;--awb-margin-bottom-small:0px;\"><h1 class=\"fusion-title-heading title-heading-center fusion-responsive-typography-calculated\" style=\"margin:0;text-transform:uppercase;--fontSize:70;line-height:1;text-shadow:1px 1px 4px rgba(0,0,0,0.75);\">Equipos de Perforaci\u00f3n<\/h1><\/div><\/div><\/div><\/div><\/div><div class=\"fusion-fullwidth fullwidth-box fusion-builder-row-2 fusion-flex-container has-pattern-background has-mask-background fusion-parallax-none nonhundred-percent-fullwidth non-hundred-percent-height-scrolling\" style=\"--awb-background-position:center bottom;--awb-border-radius-top-left:0px;--awb-border-radius-top-right:0px;--awb-border-radius-bottom-right:0px;--awb-border-radius-bottom-left:0px;--awb-padding-top:75px;--awb-padding-right:25px;--awb-padding-bottom:75px;--awb-padding-left:25px;--awb-background-image:url(&quot;https:\/\/scxploration.com\/wp-content\/uploads\/2022\/12\/BottomTextureBack.jpg&quot;);--awb-background-size:cover;--awb-flex-wrap:wrap;\" ><div class=\"fusion-builder-row fusion-row fusion-flex-align-items-flex-start fusion-flex-justify-content-center fusion-flex-content-wrap\" style=\"max-width:1456px;margin-left: calc(-4% \/ 2 );margin-right: calc(-4% \/ 2 );\"><div class=\"fusion-layout-column fusion_builder_column fusion-builder-column-1 fusion_builder_column_1_2 1_2 fusion-flex-column\" style=\"--awb-padding-top:35px;--awb-padding-bottom:75px;--awb-bg-size:cover;--awb-width-large:50%;--awb-margin-top-large:0px;--awb-spacing-right-large:3.84%;--awb-margin-bottom-large:0px;--awb-spacing-left-large:3.84%;--awb-width-medium:50%;--awb-order-medium:0;--awb-spacing-right-medium:3.84%;--awb-spacing-left-medium:3.84%;--awb-width-small:100%;--awb-order-small:0;--awb-spacing-right-small:1.92%;--awb-spacing-left-small:1.92%;\"><div class=\"fusion-column-wrapper fusion-column-has-shadow fusion-flex-justify-content-flex-start fusion-content-layout-column\"><div class=\"fusion-text fusion-text-1\"><h4><span style=\"color: #000000;\"><strong>Adem\u00e1s de dise\u00f1ar y fabricar una amplia gama de equipos de apoyo para perforaci\u00f3n, tambi\u00e9n suministramos miles de repuestos y ofrecemos un programa integral de reconstrucci\u00f3n de equipos. <\/strong><\/span><\/h4>\n<\/div><div class=\"fusion-text fusion-text-2\"><p>Nuestro equipo de ingenieros, dise\u00f1adores, operadores y maquinistas est\u00e1n comprometidos en garantizar que nuestros clientes puedan alcanzar sus metas m\u00e1s exigentes. Si necesita repuestos para equipos de perforaci\u00f3n en sitio para apoyar el trabajo o ayudar en la planificaci\u00f3n de una revisi\u00f3n mayor, estamos aqu\u00ed para ayudarle.<\/p>\n<\/div><\/div><\/div><div class=\"fusion-layout-column fusion_builder_column fusion-builder-column-2 fusion_builder_column_1_2 1_2 fusion-flex-column\" style=\"--awb-bg-size:cover;--awb-width-large:50%;--awb-margin-top-large:0px;--awb-spacing-right-large:3.84%;--awb-margin-bottom-large:0px;--awb-spacing-left-large:3.84%;--awb-width-medium:50%;--awb-order-medium:0;--awb-spacing-right-medium:3.84%;--awb-spacing-left-medium:3.84%;--awb-width-small:100%;--awb-order-small:0;--awb-spacing-right-small:1.92%;--awb-spacing-left-small:1.92%;\"><div class=\"fusion-column-wrapper fusion-column-has-shadow fusion-flex-justify-content-flex-start fusion-content-layout-column\"><div class=\"fusion-image-element\" style=\"--awb-caption-title-font-family:var(--h2_typography-font-family);--awb-caption-title-font-weight:var(--h2_typography-font-weight);--awb-caption-title-font-style:var(--h2_typography-font-style);--awb-caption-title-size:var(--h2_typography-font-size);--awb-caption-title-transform:var(--h2_typography-text-transform);--awb-caption-title-line-height:var(--h2_typography-line-height);--awb-caption-title-letter-spacing:var(--h2_typography-letter-spacing);\"><span class=\"fusion-imageframe imageframe-none imageframe-1 hover-type-none\"><img decoding=\"async\" width=\"680\" height=\"453\" title=\"DrillingEquipmentImage\" src=\"https:\/\/scxploration.com\/wp-content\/uploads\/2022\/12\/DrillingEquipmentImage.jpg\" alt class=\"img-responsive wp-image-808\" srcset=\"https:\/\/scxploration.com\/wp-content\/uploads\/2022\/12\/DrillingEquipmentImage-200x133.jpg 200w, https:\/\/scxploration.com\/wp-content\/uploads\/2022\/12\/DrillingEquipmentImage-400x266.jpg 400w, https:\/\/scxploration.com\/wp-content\/uploads\/2022\/12\/DrillingEquipmentImage-600x400.jpg 600w, https:\/\/scxploration.com\/wp-content\/uploads\/2022\/12\/DrillingEquipmentImage.jpg 680w\" sizes=\"(max-width: 640px) 100vw, 680px\" \/><\/span><\/div><\/div><\/div><div class=\"fusion-layout-column fusion_builder_column fusion-builder-column-3 fusion_builder_column_1_1 1_1 fusion-flex-column\" style=\"--awb-bg-size:cover;--awb-width-large:100%;--awb-margin-top-large:0px;--awb-spacing-right-large:1.92%;--awb-margin-bottom-large:0px;--awb-spacing-left-large:1.92%;--awb-width-medium:100%;--awb-order-medium:0;--awb-spacing-right-medium:1.92%;--awb-spacing-left-medium:1.92%;--awb-width-small:100%;--awb-order-small:0;--awb-spacing-right-small:1.92%;--awb-spacing-left-small:1.92%;\"><div class=\"fusion-column-wrapper fusion-column-has-shadow fusion-flex-justify-content-flex-start fusion-content-layout-column\"><div class=\"fusion-separator fusion-full-width-sep\" style=\"align-self: center;margin-left: auto;margin-right: auto;margin-top:75px;width:100%;\"><div class=\"fusion-separator-border sep-double\" style=\"--awb-height:20px;--awb-amount:20px;border-color:var(--awb-color3);border-top-width:0px;border-bottom-width:0px;\"><\/div><\/div><\/div><\/div><div class=\"fusion-layout-column fusion_builder_column fusion-builder-column-4 fusion_builder_column_1_3 1_3 fusion-flex-column fusion-flex-align-self-stretch\" style=\"--awb-padding-top:70px;--awb-padding-right:40px;--awb-padding-bottom:30px;--awb-padding-left:40px;--awb-overflow:hidden;--awb-bg-color:#666666;--awb-bg-color-hover:#666666;--awb-bg-image:url(&#039;https:\/\/scxploration.com\/wp-content\/uploads\/2022\/12\/DrillingBlocks_0002_Layer-1.jpg&#039;);--awb-bg-position:center bottom;--awb-bg-size:cover;--awb-border-radius:15px 15px 15px 15px;--awb-width-large:33.333333333333%;--awb-margin-top-large:0px;--awb-spacing-right-large:5.76%;--awb-margin-bottom-large:0px;--awb-spacing-left-large:5.76%;--awb-width-medium:33.333333333333%;--awb-order-medium:0;--awb-spacing-right-medium:5.76%;--awb-spacing-left-medium:5.76%;--awb-width-small:100%;--awb-order-small:0;--awb-spacing-right-small:1.92%;--awb-margin-bottom-small:25px;--awb-spacing-left-small:1.92%;\"><div class=\"fusion-column-wrapper fusion-column-has-shadow fusion-flex-justify-content-flex-start fusion-content-layout-column fusion-column-has-bg-image\" data-bg-url=\"https:\/\/scxploration.com\/wp-content\/uploads\/2022\/12\/DrillingBlocks_0002_Layer-1.jpg\"><div class=\"fusion-title title fusion-title-2 fusion-sep-none fusion-title-center fusion-title-text fusion-title-size-three\" style=\"--awb-text-color:#ffffff;--awb-margin-top:0px;--awb-margin-bottom:-5px;--awb-margin-top-small:0px;--awb-margin-bottom-small:0px;\"><h3 class=\"fusion-title-heading title-heading-center md-text-align-left sm-text-align-left fusion-responsive-typography-calculated\" style=\"margin:0;--fontSize:50;line-height:0.9;text-shadow:1px 1px 4px rgba(0,0,0,0.75);\"><p>POSTVENTA<br \/>\nSpare Parts<\/p><\/h3><\/div><div class=\"fusion-separator fusion-full-width-sep\" style=\"align-self: center;margin-left: auto;margin-right: auto;margin-top:50px;width:100%;\"><\/div><div style=\"text-align:center;\"><a class=\"fusion-button button-flat fusion-button-default-size button-default fusion-button-default button-1 fusion-button-default-span fusion-button-default-type OrangeRound\" target=\"_self\" href=\"https:\/\/scxploration.com\/es\/drilling-equipment-services\/aftermarket-spare-parts\/\"><span class=\"fusion-button-text awb-button__text awb-button__text--default\">Saber M\u00e1s<\/span><\/a><\/div><\/div><\/div><div class=\"fusion-layout-column fusion_builder_column fusion-builder-column-5 fusion_builder_column_1_3 1_3 fusion-flex-column fusion-flex-align-self-stretch\" style=\"--awb-padding-top:70px;--awb-padding-right:40px;--awb-padding-bottom:30px;--awb-padding-left:40px;--awb-overflow:hidden;--awb-bg-color:#666666;--awb-bg-color-hover:#666666;--awb-bg-image:url(&#039;https:\/\/scxploration.com\/wp-content\/uploads\/2022\/12\/DrillingBlocks_0001_Layer-2.jpg&#039;);--awb-bg-position:center bottom;--awb-bg-size:cover;--awb-border-radius:15px 15px 15px 15px;--awb-width-large:33.333333333333%;--awb-margin-top-large:0px;--awb-spacing-right-large:5.76%;--awb-margin-bottom-large:0px;--awb-spacing-left-large:5.76%;--awb-width-medium:33.333333333333%;--awb-order-medium:0;--awb-spacing-right-medium:5.76%;--awb-spacing-left-medium:5.76%;--awb-width-small:100%;--awb-order-small:0;--awb-spacing-right-small:1.92%;--awb-margin-bottom-small:25px;--awb-spacing-left-small:1.92%;\"><div class=\"fusion-column-wrapper fusion-column-has-shadow fusion-flex-justify-content-flex-start fusion-content-layout-column fusion-column-has-bg-image\" data-bg-url=\"https:\/\/scxploration.com\/wp-content\/uploads\/2022\/12\/DrillingBlocks_0001_Layer-2.jpg\"><div class=\"fusion-title title fusion-title-3 fusion-sep-none fusion-title-center fusion-title-text fusion-title-size-three\" style=\"--awb-text-color:#ffffff;--awb-margin-top:0px;--awb-margin-bottom:-5px;--awb-margin-top-small:0px;--awb-margin-bottom-small:0px;\"><h3 class=\"fusion-title-heading title-heading-center md-text-align-left sm-text-align-left fusion-responsive-typography-calculated\" style=\"margin:0;--fontSize:50;line-height:0.9;text-shadow:1px 1px 4px rgba(0,0,0,0.75);\"><p>Equipos de<br \/>\nPerforaci\u00f3n<\/p><\/h3><\/div><div class=\"fusion-separator fusion-full-width-sep\" style=\"align-self: center;margin-left: auto;margin-right: auto;margin-top:50px;width:100%;\"><\/div><div style=\"text-align:center;\"><a class=\"fusion-button button-flat fusion-button-default-size button-default fusion-button-default button-2 fusion-button-default-span fusion-button-default-type OrangeRound\" target=\"_self\" href=\"https:\/\/scxploration.com\/es\/drilling-equipment-services\/drilling-equipment\/\"><span class=\"fusion-button-text awb-button__text awb-button__text--default\">Saber M\u00e1s<\/span><\/a><\/div><\/div><\/div><\/div><\/div><\/p>","protected":false},"excerpt":{"rendered":"","protected":false},"author":1,"featured_media":0,"parent":0,"menu_order":0,"comment_status":"closed","ping_status":"closed","template":"100-width.php","meta":{"_acf_changed":false,"inline_featured_image":false,"footnotes":""},"class_list":["post-478","page","type-page","status-publish","hentry"],"acf":[],"yoast_head":"<!-- This site is optimized with the Yoast SEO plugin v26.9 - https:\/\/yoast.com\/product\/yoast-seo-wordpress\/ -->\n<title>Drilling Equipment - Sunny Corner Exploration<\/title>\n<meta name=\"robots\" content=\"index, follow, max-snippet:-1, max-image-preview:large, max-video-preview:-1\" \/>\n<link rel=\"canonical\" href=\"https:\/\/scxploration.com\/es\/drilling-equipment-services\/\" \/>\n<meta property=\"og:locale\" content=\"es_ES\" \/>\n<meta property=\"og:type\" content=\"article\" \/>\n<meta property=\"og:title\" content=\"Drilling Equipment - Sunny Corner Exploration\" \/>\n<meta property=\"og:url\" content=\"https:\/\/scxploration.com\/es\/drilling-equipment-services\/\" \/>\n<meta property=\"og:site_name\" content=\"Sunny Corner Exploration\" \/>\n<meta property=\"article:modified_time\" content=\"2023-08-09T17:43:48+00:00\" \/>\n<meta property=\"og:image\" content=\"https:\/\/scxploration.com\/wp-content\/uploads\/2025\/10\/ShareImage_HomePage.jpg\" \/>\n\t<meta property=\"og:image:width\" content=\"1200\" \/>\n\t<meta property=\"og:image:height\" content=\"630\" \/>\n\t<meta property=\"og:image:type\" content=\"image\/jpeg\" \/>\n<meta name=\"twitter:card\" content=\"summary_large_image\" \/>\n<meta name=\"twitter:label1\" content=\"Tiempo de lectura\" \/>\n\t<meta name=\"twitter:data1\" content=\"10 minutos\" \/>\n<script type=\"application\/ld+json\" class=\"yoast-schema-graph\">{\"@context\":\"https:\/\/schema.org\",\"@graph\":[{\"@type\":\"WebPage\",\"@id\":\"https:\/\/scxploration.com\/drilling-equipment-services\/\",\"url\":\"https:\/\/scxploration.com\/drilling-equipment-services\/\",\"name\":\"Drilling Equipment - Sunny Corner Exploration\",\"isPartOf\":{\"@id\":\"https:\/\/scxploration.com\/#website\"},\"datePublished\":\"2022-12-08T21:24:29+00:00\",\"dateModified\":\"2023-08-09T17:43:48+00:00\",\"breadcrumb\":{\"@id\":\"https:\/\/scxploration.com\/drilling-equipment-services\/#breadcrumb\"},\"inLanguage\":\"es\",\"potentialAction\":[{\"@type\":\"ReadAction\",\"target\":[\"https:\/\/scxploration.com\/drilling-equipment-services\/\"]}]},{\"@type\":\"BreadcrumbList\",\"@id\":\"https:\/\/scxploration.com\/drilling-equipment-services\/#breadcrumb\",\"itemListElement\":[{\"@type\":\"ListItem\",\"position\":1,\"name\":\"Home\",\"item\":\"https:\/\/scxploration.com\/\"},{\"@type\":\"ListItem\",\"position\":2,\"name\":\"Drilling Equipment\"}]},{\"@type\":\"WebSite\",\"@id\":\"https:\/\/scxploration.com\/#website\",\"url\":\"https:\/\/scxploration.com\/\",\"name\":\"Sunny Corner Exploration\",\"description\":\"-\",\"publisher\":{\"@id\":\"https:\/\/scxploration.com\/#organization\"},\"potentialAction\":[{\"@type\":\"SearchAction\",\"target\":{\"@type\":\"EntryPoint\",\"urlTemplate\":\"https:\/\/scxploration.com\/?s={search_term_string}\"},\"query-input\":{\"@type\":\"PropertyValueSpecification\",\"valueRequired\":true,\"valueName\":\"search_term_string\"}}],\"inLanguage\":\"es\"},{\"@type\":\"Organization\",\"@id\":\"https:\/\/scxploration.com\/#organization\",\"name\":\"Sunny Corner Enterprises\",\"url\":\"https:\/\/scxploration.com\/\",\"logo\":{\"@type\":\"ImageObject\",\"inLanguage\":\"es\",\"@id\":\"https:\/\/scxploration.com\/#\/schema\/logo\/image\/\",\"url\":\"https:\/\/scxploration.com\/wp-content\/uploads\/2022\/06\/SCXFooterLogo.png\",\"contentUrl\":\"https:\/\/scxploration.com\/wp-content\/uploads\/2022\/06\/SCXFooterLogo.png\",\"width\":353,\"height\":185,\"caption\":\"Sunny Corner Enterprises\"},\"image\":{\"@id\":\"https:\/\/scxploration.com\/#\/schema\/logo\/image\/\"}}]}<\/script>\n<!-- \/ Yoast SEO plugin. -->","yoast_head_json":{"title":"Equipos de Perforaci\u00f3n - Sunny Corner Exploration","robots":{"index":"index","follow":"follow","max-snippet":"max-snippet:-1","max-image-preview":"max-image-preview:large","max-video-preview":"max-video-preview:-1"},"canonical":"https:\/\/scxploration.com\/es\/drilling-equipment-services\/","og_locale":"es_ES","og_type":"article","og_title":"Drilling Equipment - Sunny Corner Exploration","og_url":"https:\/\/scxploration.com\/es\/drilling-equipment-services\/","og_site_name":"Sunny Corner Exploration","article_modified_time":"2023-08-09T17:43:48+00:00","og_image":[{"width":1200,"height":630,"url":"https:\/\/scxploration.com\/wp-content\/uploads\/2025\/10\/ShareImage_HomePage.jpg","type":"image\/jpeg"}],"twitter_card":"summary_large_image","twitter_misc":{"Tiempo de lectura":"10 minutos"},"schema":{"@context":"https:\/\/schema.org","@graph":[{"@type":"WebPage","@id":"https:\/\/scxploration.com\/drilling-equipment-services\/","url":"https:\/\/scxploration.com\/drilling-equipment-services\/","name":"Equipos de Perforaci\u00f3n - Sunny Corner Exploration","isPartOf":{"@id":"https:\/\/scxploration.com\/#website"},"datePublished":"2022-12-08T21:24:29+00:00","dateModified":"2023-08-09T17:43:48+00:00","breadcrumb":{"@id":"https:\/\/scxploration.com\/drilling-equipment-services\/#breadcrumb"},"inLanguage":"es","potentialAction":[{"@type":"ReadAction","target":["https:\/\/scxploration.com\/drilling-equipment-services\/"]}]},{"@type":"BreadcrumbList","@id":"https:\/\/scxploration.com\/drilling-equipment-services\/#breadcrumb","itemListElement":[{"@type":"ListItem","position":1,"name":"Home","item":"https:\/\/scxploration.com\/"},{"@type":"ListItem","position":2,"name":"Drilling Equipment"}]},{"@type":"WebSite","@id":"https:\/\/scxploration.com\/#website","url":"https:\/\/scxploration.com\/","name":"Sunny Corner Exploration","description":"-","publisher":{"@id":"https:\/\/scxploration.com\/#organization"},"potentialAction":[{"@type":"SearchAction","target":{"@type":"EntryPoint","urlTemplate":"https:\/\/scxploration.com\/?s={search_term_string}"},"query-input":{"@type":"PropertyValueSpecification","valueRequired":true,"valueName":"search_term_string"}}],"inLanguage":"es"},{"@type":"Organization","@id":"https:\/\/scxploration.com\/#organization","name":"Sunny Corner Enterprises","url":"https:\/\/scxploration.com\/","logo":{"@type":"ImageObject","inLanguage":"es","@id":"https:\/\/scxploration.com\/#\/schema\/logo\/image\/","url":"https:\/\/scxploration.com\/wp-content\/uploads\/2022\/06\/SCXFooterLogo.png","contentUrl":"https:\/\/scxploration.com\/wp-content\/uploads\/2022\/06\/SCXFooterLogo.png","width":353,"height":185,"caption":"Sunny Corner Enterprises"},"image":{"@id":"https:\/\/scxploration.com\/#\/schema\/logo\/image\/"}}]}},"_links":{"self":[{"href":"https:\/\/scxploration.com\/es\/wp-json\/wp\/v2\/pages\/478","targetHints":{"allow":["GET"]}}],"collection":[{"href":"https:\/\/scxploration.com\/es\/wp-json\/wp\/v2\/pages"}],"about":[{"href":"https:\/\/scxploration.com\/es\/wp-json\/wp\/v2\/types\/page"}],"author":[{"embeddable":true,"href":"https:\/\/scxploration.com\/es\/wp-json\/wp\/v2\/users\/1"}],"replies":[{"embeddable":true,"href":"https:\/\/scxploration.com\/es\/wp-json\/wp\/v2\/comments?post=478"}],"version-history":[{"count":5,"href":"https:\/\/scxploration.com\/es\/wp-json\/wp\/v2\/pages\/478\/revisions"}],"predecessor-version":[{"id":5715,"href":"https:\/\/scxploration.com\/es\/wp-json\/wp\/v2\/pages\/478\/revisions\/5715"}],"wp:attachment":[{"href":"https:\/\/scxploration.com\/es\/wp-json\/wp\/v2\/media?parent=478"}],"curies":[{"name":"wp","href":"https:\/\/api.w.org\/{rel}","templated":true}]}}